{"id":13,"date":"2025-11-30T17:29:28","date_gmt":"2025-11-30T17:29:28","guid":{"rendered":"https:\/\/primum-health.se\/?page_id=13"},"modified":"2026-02-09T18:39:37","modified_gmt":"2026-02-09T18:39:37","slug":"om-oss","status":"publish","type":"page","link":"https:\/\/primum-health.se\/index.php\/om-oss\/","title":{"rendered":"Om oss"},"content":{"rendered":"\n<div class=\"wp-block-group is-layout-constrained wp-block-group-is-layout-constrained\">\n<div class=\"wp-block-group is-layout-constrained wp-block-group-is-layout-constrained\">\n<h2 class=\"wp-block-heading is-style-text-subtitle\">Hassan Al-Mashat, MD, Forskare &amp; VD<\/h2>\n\n\n\n<div class=\"wp-block-columns is-layout-flex wp-container-core-columns-is-layout-28f84493 wp-block-columns-is-layout-flex\">\n<div class=\"wp-block-column is-layout-flow wp-block-column-is-layout-flow\">\n<figure class=\"wp-block-image size-full\"><img loading=\"lazy\" decoding=\"async\" width=\"1002\" height=\"770\" src=\"https:\/\/primum-health.se\/wp-content\/uploads\/2025\/11\/Bild.png\" alt=\"\" class=\"wp-image-19\" srcset=\"https:\/\/primum-health.se\/wp-content\/uploads\/2025\/11\/Bild.png 1002w, https:\/\/primum-health.se\/wp-content\/uploads\/2025\/11\/Bild-300x231.png 300w, https:\/\/primum-health.se\/wp-content\/uploads\/2025\/11\/Bild-768x590.png 768w\" sizes=\"auto, (max-width: 1002px) 100vw, 1002px\" \/><\/figure>\n<\/div>\n\n\n\n<div class=\"wp-block-column is-layout-flow wp-block-column-is-layout-flow\">\n<p class=\"has-literata-font-family\">Hassan \u00e4r legitimerad l\u00e4kare utbildad vid Aalborg Universitet i Danmark. Han har genomf\u00f6rt f\u00f6rsta \u00e5ret av sin specialisttj\u00e4nstg\u00f6ring i neurologi och forskar nu om migr\u00e4n Dansk huvudv\u00e4rk center p\u00e5 Rigshospitalet, Glostrup. <br>Drivkraften i Hassans arbete \u00e4r att kombinera klinisk erfarenhet med st\u00e4ndig kunskapsutveckling f\u00f6r att hj\u00e4lpa b\u00e5de individer och samh\u00e4lle. Han tror att l\u00e4karens ansvar inte enbart \u00e4r att behandla n\u00e4r sjukdomen redan \u00e4r ett faktum \u2013 utan att bidra till att den aldrig uppst\u00e5r.<\/p>\n<\/div>\n<\/div>\n<\/div>\n<\/div>\n\n\n\n<div class=\"wp-block-group is-layout-constrained wp-block-group-is-layout-constrained\">\n<div class=\"wp-block-group is-layout-constrained wp-block-group-is-layout-constrained\">\n<div class=\"wp-block-columns is-layout-flex wp-container-core-columns-is-layout-28f84493 wp-block-columns-is-layout-flex\">\n<div class=\"wp-block-column is-layout-flow wp-block-column-is-layout-flow\">\n<pre class=\"wp-block-verse\">Med ett starkt engagemang f\u00f6r folkh\u00e4lsa, prevention och m\u00e4nniskors v\u00e4lm\u00e5ende arbetar han f\u00f6r att skapa f\u00f6ruts\u00e4ttningar d\u00e4r fler kan leva h\u00e4lsosamt och utvecklas mot sin fulla potential.<br><br>Dela g\u00e4rna dina tankar eller id\u00e9er \u2013 Hassan v\u00e4lkomnar alltid kontakt och samarbeten.<\/pre>\n<\/div>\n<\/div>\n<\/div>\n<\/div>\n","protected":false},"excerpt":{"rendered":"<p>Hassan Al-Mashat, MD, Forskare &amp; VD Hassan \u00e4r legitimerad l\u00e4kare utbildad vid Aalborg Universitet i Danmark. Han har genomf\u00f6rt f\u00f6rsta \u00e5ret av sin specialisttj\u00e4nstg\u00f6ring i neurologi och forskar nu om migr\u00e4n Dansk huvudv\u00e4rk center p\u00e5 Rigshospitalet, Glostrup. Drivkraften i Hassans arbete \u00e4r att kombinera klinisk erfarenhet med st\u00e4ndig kunskapsutveckling f\u00f6r att hj\u00e4lpa b\u00e5de individer och [&hellip;]<\/p>\n","protected":false},"author":1,"featured_media":0,"parent":0,"menu_order":0,"comment_status":"closed","ping_status":"closed","template":"","meta":{"footnotes":""},"class_list":["post-13","page","type-page","status-publish","hentry"],"_links":{"self":[{"href":"https:\/\/primum-health.se\/index.php\/wp-json\/wp\/v2\/pages\/13","targetHints":{"allow":["GET"]}}],"collection":[{"href":"https:\/\/primum-health.se\/index.php\/wp-json\/wp\/v2\/pages"}],"about":[{"href":"https:\/\/primum-health.se\/index.php\/wp-json\/wp\/v2\/types\/page"}],"author":[{"embeddable":true,"href":"https:\/\/primum-health.se\/index.php\/wp-json\/wp\/v2\/users\/1"}],"replies":[{"embeddable":true,"href":"https:\/\/primum-health.se\/index.php\/wp-json\/wp\/v2\/comments?post=13"}],"version-history":[{"count":4,"href":"https:\/\/primum-health.se\/index.php\/wp-json\/wp\/v2\/pages\/13\/revisions"}],"predecessor-version":[{"id":69,"href":"https:\/\/primum-health.se\/index.php\/wp-json\/wp\/v2\/pages\/13\/revisions\/69"}],"wp:attachment":[{"href":"https:\/\/primum-health.se\/index.php\/wp-json\/wp\/v2\/media?parent=13"}],"curies":[{"name":"wp","href":"https:\/\/api.w.org\/{rel}","templated":true}]}}