{"id":14,"date":"2025-12-09T14:16:13","date_gmt":"2025-12-09T14:16:13","guid":{"rendered":"https:\/\/primum-health.se\/?page_id=14"},"modified":"2025-12-09T14:18:09","modified_gmt":"2025-12-09T14:18:09","slug":"vara-tjanster","status":"publish","type":"page","link":"https:\/\/primum-health.se\/index.php\/vara-tjanster\/","title":{"rendered":"V\u00e5ra tj\u00e4nster"},"content":{"rendered":"\n<div class=\"wp-block-group alignfull is-layout-constrained wp-container-core-group-is-layout-ebee8dc1 wp-block-group-is-layout-constrained\" style=\"margin-top:0;margin-bottom:0;padding-top:var(--wp--preset--spacing--50);padding-bottom:var(--wp--preset--spacing--50)\">\n<div class=\"wp-block-columns alignwide is-layout-flex wp-container-core-columns-is-layout-28f84493 wp-block-columns-is-layout-flex\">\n<div class=\"wp-block-column is-layout-flow wp-block-column-is-layout-flow\">\n<h3 class=\"wp-block-heading\">KONSULTTJ\u00c4NSTER<\/h3>\n\n\n\n<p class=\"has-medium-font-size\">Vi erbjuder konsulttj\u00e4nster som l\u00e4kare inom h\u00e4lso- och sjukv\u00e5rd. <\/p>\n<\/div>\n\n\n\n<div class=\"wp-block-column is-layout-flow wp-block-column-is-layout-flow\">\n<h3 class=\"wp-block-heading\">L\u00c4KAREN F\u00d6RKLARAR&#8230; <\/h3>\n\n\n\n<p class=\"has-medium-font-size\">Vi erbjuder f\u00f6rel\u00e4sningar och workshops f\u00f6r organisationer och privatpersoner som vill l\u00e4ra sig om hur m\u00e4nniskokroppen fungerar, vad som h\u00e4nder n\u00e4r den inte fungerar och information om m\u00f6jliga behandlingar. <\/p>\n<\/div>\n<\/div>\n<\/div>\n","protected":false},"excerpt":{"rendered":"<p>KONSULTTJ\u00c4NSTER Vi erbjuder konsulttj\u00e4nster som l\u00e4kare inom h\u00e4lso- och sjukv\u00e5rd. L\u00c4KAREN F\u00d6RKLARAR&#8230; Vi erbjuder f\u00f6rel\u00e4sningar och workshops f\u00f6r organisationer och privatpersoner som vill l\u00e4ra sig om hur m\u00e4nniskokroppen fungerar, vad som h\u00e4nder n\u00e4r den inte fungerar och information om m\u00f6jliga behandlingar.<\/p>\n","protected":false},"author":1,"featured_media":0,"parent":0,"menu_order":0,"comment_status":"closed","ping_status":"closed","template":"","meta":{"footnotes":""},"class_list":["post-14","page","type-page","status-publish","hentry"],"_links":{"self":[{"href":"https:\/\/primum-health.se\/index.php\/wp-json\/wp\/v2\/pages\/14","targetHints":{"allow":["GET"]}}],"collection":[{"href":"https:\/\/primum-health.se\/index.php\/wp-json\/wp\/v2\/pages"}],"about":[{"href":"https:\/\/primum-health.se\/index.php\/wp-json\/wp\/v2\/types\/page"}],"author":[{"embeddable":true,"href":"https:\/\/primum-health.se\/index.php\/wp-json\/wp\/v2\/users\/1"}],"replies":[{"embeddable":true,"href":"https:\/\/primum-health.se\/index.php\/wp-json\/wp\/v2\/comments?post=14"}],"version-history":[{"count":3,"href":"https:\/\/primum-health.se\/index.php\/wp-json\/wp\/v2\/pages\/14\/revisions"}],"predecessor-version":[{"id":45,"href":"https:\/\/primum-health.se\/index.php\/wp-json\/wp\/v2\/pages\/14\/revisions\/45"}],"wp:attachment":[{"href":"https:\/\/primum-health.se\/index.php\/wp-json\/wp\/v2\/media?parent=14"}],"curies":[{"name":"wp","href":"https:\/\/api.w.org\/{rel}","templated":true}]}}