{"id":16,"date":"2025-11-23T17:53:53","date_gmt":"2025-11-23T17:53:53","guid":{"rendered":"https:\/\/primum-health.se\/?page_id=16"},"modified":"2025-11-23T17:53:53","modified_gmt":"2025-11-23T17:53:53","slug":"kontakta-oss","status":"publish","type":"page","link":"https:\/\/primum-health.se\/index.php\/kontakta-oss\/","title":{"rendered":"Kontakta oss"},"content":{"rendered":"\n<p class=\"has-literata-font-family\">Vill du veta mer om v\u00e5rt arbete eller boka en tj\u00e4nst? H\u00f6r av dig via telefon eller E-post:<\/p>\n\n\n\n<p class=\"has-literata-font-family\">Hassan Al-Mashat, MD, VD<\/p>\n\n\n\n<div class=\"wp-block-group is-nowrap is-layout-flex wp-container-core-group-is-layout-6c531013 wp-block-group-is-layout-flex\">\n<div class=\"wp-block-font-awesome-icon wp-font-awesome-icon\"><svg aria-hidden=\"true\" focusable=\"false\" data-prefix=\"fas\" data-icon=\"phone\" class=\"svg-inline--fa fa-phone \" role=\"img\" xmlns=\"http:\/\/www.w3.org\/2000\/svg\" viewBox=\"0 0 512 512\" style=\"transform-origin:0.5em 0.5em;font-size:1em\" color=\"#cbbba0\"><g transform=\"translate(256 256)\"><g transform=\"translate(0, 0)  scale(1, 1)  rotate(-1 0 0)\"><path fill=\"currentColor\" d=\"M160.2 25C152.3 6.1 131.7-3.9 112.1 1.4l-5.5 1.5c-64.6 17.6-119.8 80.2-103.7 156.4 37.1 175 174.8 312.7 349.8 349.8 76.3 16.2 138.8-39.1 156.4-103.7l1.5-5.5c5.4-19.7-4.7-40.3-23.5-48.1l-97.3-40.5c-16.5-6.9-35.6-2.1-47 11.8l-38.6 47.2C233.9 335.4 177.3 277 144.8 205.3L189 169.3c13.9-11.3 18.6-30.4 11.8-47L160.2 25z\" transform=\"translate(-256 -256)\"><\/path><\/g><\/g><\/svg><\/div>\n\n\n\n<div class=\"wp-block-columns is-layout-flex wp-container-core-columns-is-layout-28f84493 wp-block-columns-is-layout-flex\">\n<div class=\"wp-block-column is-layout-flow wp-block-column-is-layout-flow\">\n<p class=\"has-contrast-color has-text-color has-link-color has-literata-font-family wp-elements-285ca4ab4b31974c0b6a75decebd483e\" style=\"margin-top:0;margin-bottom:0;padding-right:0;padding-left:0\"><a href=\"tel:+46700400600\">0700 400 600<\/a><\/p>\n<\/div>\n<\/div>\n<\/div>\n\n\n\n<div class=\"wp-block-group is-nowrap is-layout-flex wp-container-core-group-is-layout-6c531013 wp-block-group-is-layout-flex\">\n<div class=\"wp-block-font-awesome-icon wp-font-awesome-icon\"><svg aria-hidden=\"true\" focusable=\"false\" data-prefix=\"fas\" data-icon=\"envelope-open\" class=\"svg-inline--fa fa-envelope-open \" role=\"img\" xmlns=\"http:\/\/www.w3.org\/2000\/svg\" viewBox=\"0 0 512 512\" color=\"#b9a88d\"><path fill=\"currentColor\" d=\"M64.4 175.8L256 33.9 447.6 175.8 289.5 293c-9.7 7.2-21.4 11-33.5 11s-23.8-3.9-33.5-11L64.4 175.8zM256-32c-12.1 0-23.8 3.9-33.5 11L25.9 124.7C9.6 136.8 0 155.8 0 176.1L0 416c0 35.3 28.7 64 64 64l384 0c35.3 0 64-28.7 64-64l0-239.9c0-20.3-9.6-39.4-25.9-51.4L289.5-21c-9.7-7.2-21.4-11-33.5-11z\"><\/path><\/svg><\/div>\n\n\n\n<p class=\"has-literata-font-family\"><a href=\"mailto:info@primum-health.se\">info@primum-health.se<\/a><\/p>\n<\/div>\n","protected":false},"excerpt":{"rendered":"<p>Vill du veta mer om v\u00e5rt arbete eller boka en tj\u00e4nst? H\u00f6r av dig via telefon eller E-post: Hassan Al-Mashat, MD, VD 0700 400 600 info@primum-health.se<\/p>\n","protected":false},"author":1,"featured_media":0,"parent":0,"menu_order":0,"comment_status":"closed","ping_status":"closed","template":"","meta":{"footnotes":""},"class_list":["post-16","page","type-page","status-publish","hentry"],"_links":{"self":[{"href":"https:\/\/primum-health.se\/index.php\/wp-json\/wp\/v2\/pages\/16","targetHints":{"allow":["GET"]}}],"collection":[{"href":"https:\/\/primum-health.se\/index.php\/wp-json\/wp\/v2\/pages"}],"about":[{"href":"https:\/\/primum-health.se\/index.php\/wp-json\/wp\/v2\/types\/page"}],"author":[{"embeddable":true,"href":"https:\/\/primum-health.se\/index.php\/wp-json\/wp\/v2\/users\/1"}],"replies":[{"embeddable":true,"href":"https:\/\/primum-health.se\/index.php\/wp-json\/wp\/v2\/comments?post=16"}],"version-history":[{"count":1,"href":"https:\/\/primum-health.se\/index.php\/wp-json\/wp\/v2\/pages\/16\/revisions"}],"predecessor-version":[{"id":18,"href":"https:\/\/primum-health.se\/index.php\/wp-json\/wp\/v2\/pages\/16\/revisions\/18"}],"wp:attachment":[{"href":"https:\/\/primum-health.se\/index.php\/wp-json\/wp\/v2\/media?parent=16"}],"curies":[{"name":"wp","href":"https:\/\/api.w.org\/{rel}","templated":true}]}}